{"id":4044,"date":"2023-07-13T09:55:42","date_gmt":"2023-07-13T07:55:42","guid":{"rendered":"https:\/\/www.boehm.fr\/produit\/punch-set-o2-to-59-mm\/"},"modified":"2024-03-28T15:47:13","modified_gmt":"2024-03-28T14:47:13","slug":"punch-set-o2-to-59-mm","status":"publish","type":"product","link":"https:\/\/www.boehm.fr\/en\/product\/punch-set-o2-to-59-mm\/","title":{"rendered":"Punch set \u00d82 to 59 mm"},"content":{"rendered":"<p>Emporte-pi\u00e8ces <span style=\"color: rgb(117. 117. 117); font-family: Roboto. sans-serif; font-size: medium; background-color: rgb(238. 238. 238);\">\u00d8<\/span>: 2-3-4-5-6-7-8-9-10-11-13-15-17-19-21-23-25-27-29-31-33-35-37-39-41-43-45-47-49-51-53-55-57-59<br \/>  Chuck<br \/>  Handle<br \/>  Retractable centering tip<\/p>\n","protected":false},"excerpt":{"rendered":"<p>Emporte-pi\u00e8ces \u00d8: 2-3-4-5-6-7-8-9-10-11-13-15-17-19-21-23-25-27-29-31-33-35-37-39-41-43-45-47-49-51-53-55-57-59 Chuck Handle Retractable centering tip<\/p>\n","protected":false},"featured_media":0,"template":"","meta":{"_acf_changed":false},"product_brand":[],"product_cat":[535],"product_tag":[],"class_list":{"0":"post-4044","1":"product","2":"type-product","3":"status-publish","5":"product_cat-punch-sets-not-categorised","7":"first","8":"outofstock","9":"taxable","10":"shipping-taxable","11":"purchasable","12":"product-type-simple"},"acf":[],"yoast_head":"<!-- This site is optimized with the Yoast SEO plugin v27.3 - https:\/\/yoast.com\/product\/yoast-seo-wordpress\/ -->\n<title>Punch set \u00d82 to 59 mm - Boehm<\/title>\n<meta name=\"robots\" content=\"index, follow, max-snippet:-1, max-image-preview:large, max-video-preview:-1\" \/>\n<link rel=\"canonical\" href=\"https:\/\/www.boehm.fr\/en\/product\/punch-set-o2-to-59-mm\/\" \/>\n<meta property=\"og:locale\" content=\"en_US\" \/>\n<meta property=\"og:type\" content=\"article\" \/>\n<meta property=\"og:title\" content=\"Punch set \u00d82 to 59 mm - Boehm\" \/>\n<meta property=\"og:description\" content=\"Emporte-pi\u00e8ces \u00d8: 2-3-4-5-6-7-8-9-10-11-13-15-17-19-21-23-25-27-29-31-33-35-37-39-41-43-45-47-49-51-53-55-57-59 Chuck Handle Retractable centering tip\" \/>\n<meta property=\"og:url\" content=\"https:\/\/www.boehm.fr\/en\/product\/punch-set-o2-to-59-mm\/\" \/>\n<meta property=\"og:site_name\" content=\"Boehm\" \/>\n<meta property=\"article:modified_time\" content=\"2024-03-28T14:47:13+00:00\" \/>\n<meta name=\"twitter:card\" content=\"summary_large_image\" \/>\n<script type=\"application\/ld+json\" class=\"yoast-schema-graph\">{\"@context\":\"https:\\\/\\\/schema.org\",\"@graph\":[{\"@type\":\"WebPage\",\"@id\":\"https:\\\/\\\/www.boehm.fr\\\/en\\\/product\\\/punch-set-o2-to-59-mm\\\/\",\"url\":\"https:\\\/\\\/www.boehm.fr\\\/en\\\/product\\\/punch-set-o2-to-59-mm\\\/\",\"name\":\"Punch set \u00d82 to 59 mm - Boehm\",\"isPartOf\":{\"@id\":\"https:\\\/\\\/www.boehm.fr\\\/en\\\/#website\"},\"datePublished\":\"2023-07-13T07:55:42+00:00\",\"dateModified\":\"2024-03-28T14:47:13+00:00\",\"breadcrumb\":{\"@id\":\"https:\\\/\\\/www.boehm.fr\\\/en\\\/product\\\/punch-set-o2-to-59-mm\\\/#breadcrumb\"},\"inLanguage\":\"en-US\",\"potentialAction\":[{\"@type\":\"ReadAction\",\"target\":[\"https:\\\/\\\/www.boehm.fr\\\/en\\\/product\\\/punch-set-o2-to-59-mm\\\/\"]}]},{\"@type\":\"BreadcrumbList\",\"@id\":\"https:\\\/\\\/www.boehm.fr\\\/en\\\/product\\\/punch-set-o2-to-59-mm\\\/#breadcrumb\",\"itemListElement\":[{\"@type\":\"ListItem\",\"position\":1,\"name\":\"Accueil\",\"item\":\"https:\\\/\\\/www.boehm.fr\\\/en\\\/\"},{\"@type\":\"ListItem\",\"position\":2,\"name\":\"Shop\",\"item\":\"https:\\\/\\\/www.boehm.fr\\\/boutique\\\/\"},{\"@type\":\"ListItem\",\"position\":3,\"name\":\"Punch set \u00d82 to 59 mm\"}]},{\"@type\":\"WebSite\",\"@id\":\"https:\\\/\\\/www.boehm.fr\\\/en\\\/#website\",\"url\":\"https:\\\/\\\/www.boehm.fr\\\/en\\\/\",\"name\":\"Boehm\",\"description\":\"\",\"publisher\":{\"@id\":\"https:\\\/\\\/www.boehm.fr\\\/en\\\/#organization\"},\"potentialAction\":[{\"@type\":\"SearchAction\",\"target\":{\"@type\":\"EntryPoint\",\"urlTemplate\":\"https:\\\/\\\/www.boehm.fr\\\/en\\\/?s={search_term_string}\"},\"query-input\":{\"@type\":\"PropertyValueSpecification\",\"valueRequired\":true,\"valueName\":\"search_term_string\"}}],\"inLanguage\":\"en-US\"},{\"@type\":\"Organization\",\"@id\":\"https:\\\/\\\/www.boehm.fr\\\/en\\\/#organization\",\"name\":\"Boehm\",\"url\":\"https:\\\/\\\/www.boehm.fr\\\/en\\\/\",\"logo\":{\"@type\":\"ImageObject\",\"inLanguage\":\"en-US\",\"@id\":\"https:\\\/\\\/www.boehm.fr\\\/en\\\/#\\\/schema\\\/logo\\\/image\\\/\",\"url\":\"https:\\\/\\\/www.boehm.fr\\\/wp-content\\\/uploads\\\/2023\\\/06\\\/logo-boehm-1.png\",\"contentUrl\":\"https:\\\/\\\/www.boehm.fr\\\/wp-content\\\/uploads\\\/2023\\\/06\\\/logo-boehm-1.png\",\"width\":297,\"height\":42,\"caption\":\"Boehm\"},\"image\":{\"@id\":\"https:\\\/\\\/www.boehm.fr\\\/en\\\/#\\\/schema\\\/logo\\\/image\\\/\"}}]}<\/script>\n<!-- \/ Yoast SEO plugin. -->","yoast_head_json":{"title":"Punch set \u00d82 to 59 mm - Boehm","robots":{"index":"index","follow":"follow","max-snippet":"max-snippet:-1","max-image-preview":"max-image-preview:large","max-video-preview":"max-video-preview:-1"},"canonical":"https:\/\/www.boehm.fr\/en\/product\/punch-set-o2-to-59-mm\/","og_locale":"en_US","og_type":"article","og_title":"Punch set \u00d82 to 59 mm - Boehm","og_description":"Emporte-pi\u00e8ces \u00d8: 2-3-4-5-6-7-8-9-10-11-13-15-17-19-21-23-25-27-29-31-33-35-37-39-41-43-45-47-49-51-53-55-57-59 Chuck Handle Retractable centering tip","og_url":"https:\/\/www.boehm.fr\/en\/product\/punch-set-o2-to-59-mm\/","og_site_name":"Boehm","article_modified_time":"2024-03-28T14:47:13+00:00","twitter_card":"summary_large_image","schema":{"@context":"https:\/\/schema.org","@graph":[{"@type":"WebPage","@id":"https:\/\/www.boehm.fr\/en\/product\/punch-set-o2-to-59-mm\/","url":"https:\/\/www.boehm.fr\/en\/product\/punch-set-o2-to-59-mm\/","name":"Punch set \u00d82 to 59 mm - Boehm","isPartOf":{"@id":"https:\/\/www.boehm.fr\/en\/#website"},"datePublished":"2023-07-13T07:55:42+00:00","dateModified":"2024-03-28T14:47:13+00:00","breadcrumb":{"@id":"https:\/\/www.boehm.fr\/en\/product\/punch-set-o2-to-59-mm\/#breadcrumb"},"inLanguage":"en-US","potentialAction":[{"@type":"ReadAction","target":["https:\/\/www.boehm.fr\/en\/product\/punch-set-o2-to-59-mm\/"]}]},{"@type":"BreadcrumbList","@id":"https:\/\/www.boehm.fr\/en\/product\/punch-set-o2-to-59-mm\/#breadcrumb","itemListElement":[{"@type":"ListItem","position":1,"name":"Accueil","item":"https:\/\/www.boehm.fr\/en\/"},{"@type":"ListItem","position":2,"name":"Shop","item":"https:\/\/www.boehm.fr\/boutique\/"},{"@type":"ListItem","position":3,"name":"Punch set \u00d82 to 59 mm"}]},{"@type":"WebSite","@id":"https:\/\/www.boehm.fr\/en\/#website","url":"https:\/\/www.boehm.fr\/en\/","name":"Boehm","description":"","publisher":{"@id":"https:\/\/www.boehm.fr\/en\/#organization"},"potentialAction":[{"@type":"SearchAction","target":{"@type":"EntryPoint","urlTemplate":"https:\/\/www.boehm.fr\/en\/?s={search_term_string}"},"query-input":{"@type":"PropertyValueSpecification","valueRequired":true,"valueName":"search_term_string"}}],"inLanguage":"en-US"},{"@type":"Organization","@id":"https:\/\/www.boehm.fr\/en\/#organization","name":"Boehm","url":"https:\/\/www.boehm.fr\/en\/","logo":{"@type":"ImageObject","inLanguage":"en-US","@id":"https:\/\/www.boehm.fr\/en\/#\/schema\/logo\/image\/","url":"https:\/\/www.boehm.fr\/wp-content\/uploads\/2023\/06\/logo-boehm-1.png","contentUrl":"https:\/\/www.boehm.fr\/wp-content\/uploads\/2023\/06\/logo-boehm-1.png","width":297,"height":42,"caption":"Boehm"},"image":{"@id":"https:\/\/www.boehm.fr\/en\/#\/schema\/logo\/image\/"}}]}},"_links":{"self":[{"href":"https:\/\/www.boehm.fr\/en\/wp-json\/wp\/v2\/product\/4044","targetHints":{"allow":["GET"]}}],"collection":[{"href":"https:\/\/www.boehm.fr\/en\/wp-json\/wp\/v2\/product"}],"about":[{"href":"https:\/\/www.boehm.fr\/en\/wp-json\/wp\/v2\/types\/product"}],"wp:attachment":[{"href":"https:\/\/www.boehm.fr\/en\/wp-json\/wp\/v2\/media?parent=4044"}],"wp:term":[{"taxonomy":"product_brand","embeddable":true,"href":"https:\/\/www.boehm.fr\/en\/wp-json\/wp\/v2\/product_brand?post=4044"},{"taxonomy":"product_cat","embeddable":true,"href":"https:\/\/www.boehm.fr\/en\/wp-json\/wp\/v2\/product_cat?post=4044"},{"taxonomy":"product_tag","embeddable":true,"href":"https:\/\/www.boehm.fr\/en\/wp-json\/wp\/v2\/product_tag?post=4044"}],"curies":[{"name":"wp","href":"https:\/\/api.w.org\/{rel}","templated":true}]}}